{"id":233,"date":"2023-07-25T12:38:58","date_gmt":"2023-07-25T16:38:58","guid":{"rendered":"https:\/\/choeurclassiqueoutaouais.ca\/priopelle\/?page_id=233"},"modified":"2023-12-15T14:59:10","modified_gmt":"2023-12-15T18:59:10","slug":"pas-a-pas","status":"publish","type":"page","link":"https:\/\/choeurclassiqueoutaouais.ca\/chanter-riopelle\/home\/pas-a-pas\/","title":{"rendered":"Pas \u00e0 pas"},"content":{"rendered":"\n\n\n\n\n\n\n\n<h1>D\u00e9couvrir Riopelle<br><\/h1>\n\n<p class=\"_04xlpA direction-ltr align-start para-style-body\" style=\"color: rgb(0, 0, 0); font-family: Helvetica; --font-size: 18.6667px; --line-height: 1.4; letter-spacing: -0.04em; text-transform: none; line-height: 26px; font-size: medium; text-align: right;\"><span class=\"WdYUQQ text-decoration-none text-strikethrough-none\" style=\"color: rgb(0, 0, 0); font-weight: 400;\">\u00ab C&rsquo;est le cours d&rsquo;arts plastiques le plus int\u00e9ressant que j&rsquo;ai eu.<\/span><span class=\"WdYUQQ text-decoration-none text-strikethrough-none\" style=\"color: rgb(0, 0, 0); font-weight: 400;\"> \u00bb<\/span><\/p><p class=\"_04xlpA direction-ltr align-start para-style-body\" style=\"color: rgb(235, 84, 84); font-family: &quot;YAFcf6CtJfI 0&quot;, &quot;_fb_&quot;, &quot;auto&quot;; --font-size: 18.6667px; --line-height: 1.4; letter-spacing: -0.04em; text-transform: none; line-height: 26px; text-align: right; font-size: medium;\"><span class=\"WdYUQQ text-decoration-none text-strikethrough-none\" style=\"color: rgb(0, 0, 0); font-weight: 400; font-style: normal; font-family: Helvetica; font-size: small;\">Un \u00e9l\u00e8ve de la classe d&rsquo;accueil<\/span><\/p><p><\/p>\n\n<p style=\"text-align: justify;\">Un atelier d\u2019arts plastiques pour d\u00e9couvrir le peintre Riopelle et \nson \u0153uvre, c\u2019est l\u2019activit\u00e9 qui lan\u00e7ait, en f\u00e9vrier 2023, notre \ncollaboration avec la classe d\u2019accueil de Marie-Pierre Caron. Comme on \npouvait s\u2019y attendre, aucun \u00e9l\u00e8ve n\u2019avait entendu parler de Jean-Paul \nRiopelle, ni vu ses oies et ses hiboux. Jacynthe Mainguy (Amuzart) les a\n habilement entrain\u00e9s dans ce monde par un courte pr\u00e9sentation sur \nl\u2019artiste et ses couleurs, puis surtout par la cr\u00e9ation d\u2019une \u0153uvre sur \nle th\u00e8me des hiboux. Il fallait les voir manier avec un plaisir \u00e9vident \nle crayon, l\u2019encre, le pastel et les feutres scintillants pour cr\u00e9er \nleur \u2018Riopelle\u2019. Quelle belle fa\u00e7on d\u2019entrer en contact avec cet artiste\n et de se pr\u00e9parer \u00e0 la cr\u00e9ation musicale de <em>Chevreuse<\/em>&nbsp;!.<\/p>\n\n\n\n\n\n\n<p style=\"text-align: right;\"><span style=\"font-size:small;\"><span style=\"\"><span style=\"\">Entrevue avec Jacinthe Mainguy, propri\u00e9taire de Amuzart<\/span><\/span><\/span><br><\/p>\n\n\n<p style=\"font-size: small; text-align: right;\">Entrevue avec Marie-Pierre Caron, enseignante<\/p>\n\n\n\n\n\n\n\n\n\n\n\n\n<p style=\"text-align: right;\"><span style=\"font-size:small;\"><span style=\"\"><span style=\"\">Diaporama illustrant les ateliers d&rsquo;arts et de musique<\/span><\/span><\/span><br><\/p>\n\n\n\n\n\n\n\n\n\n\n\n\n\n\n\n\n<h1>Ateliers Chevreuse<br><\/h1>\n<p style=\"text-align: justify;\">\u00c0 la fin mars 2023 a lieu le premier atelier d\u2019exp\u00e9rimentation \nsonore avec les \u00e9l\u00e8ves d\u2019une part et le ch\u0153ur d\u2019autre part, pour \nalimenter le travail de composition de Fran\u00e7ois-Hugues Leclair qui a \nchoisi la toile <em>Chevreuse<\/em> comme source d\u2019inspiration. Comment les divers\n objets percussifs manipul\u00e9s par les choristes \u2013 on parle ici de \nfeuilles de papier, de galets et de branches&nbsp; \u2013 pourraient-ils \u00eatre utilis\u00e9s pour \u00e9voquer la nature en for\u00eat ?<br><br>Au retour en r\u00e9p\u00e9tition quelques semaines plus tard, \u00e9l\u00e8ves et choristes\n du CCO travaillent, s\u00e9par\u00e9ment toujours sauf pour quelques choristes \npr\u00e9sents lors des r\u00e9p\u00e9titions \u00e0 l&rsquo;\u00e9cole, avec une version en cours de \ncomposition de la partition.&nbsp; <em>Chevreuse<\/em> prend forme. <br><br>\u00c0 travers ce \nprocessus, il a fallu l\u2019art de Tiphaine Legrand, directrice musicale du \nCh\u0153ur classique de l\u2019Outaouais, pour entrainer les choristes, jeunes et \nmoins jeunes, dans cet univers musical inhabituel o\u00f9 la mouvance de \nmasses sonores fluides cr\u00e9e ce qu&rsquo;on pourrait appeler un \u00ab champs harmonique \u00bb, espace au-del\u00e0 d&rsquo;une pulsation, d&rsquo;une m\u00e9trique ou d&rsquo;un discours harmonique traditionnel. Or, tous ont suivi Tiphaine avec confiance en terrain inconnu. Qui sait si le saut n\u2019a \npas \u00e9t\u00e9 plus p\u00e9rilleux pour les adultes rompus au chant choral classique que pour \nles \u00e9l\u00e8ves d\u2019une classe d\u2019accueil qui ne pratiquaient pas le chant ou la\n musique en classe et n\u2019avaient aucune exp\u00e9rience chorale ?<\/p>\n\n\n\n\n\n\n\n\n\n\n\n\n<p style=\"text-align: right;\"><span style=\"font-size: small;\">Entrevue avec Tiphaine Legrand, directrice musicale<\/span><br><\/p>\n\n<p style=\"text-align: right;\"><span style=\"font-size: small;\">Entrevue avec Marie-Pierre Caron et Michel Dubeau<\/span><br><\/p>\n\n\n\n\n\n\n\n\n\n\n\n\n\n\n\n\n\n\n\n\n\n\n\n\n\n<h1>Cr\u00e9er et f\u00eater<br><\/h1>\n\n\n\n\n\n\n\n<p style=\"text-align: justify;\">Lundi 12 juin 2023, les esprits sont f\u00e9briles. Aujourd\u2019hui, les \u00e9l\u00e8ves de Marie-Pierre Caron et les choristes du Ch\u0153ur classique de l\u2019Outaouais uniront leurs voix pour la premi\u00e8re fois. Premier arr\u00eat : l\u2019\u00e9cole du Lac-des-F\u00e9es. \u00c0 l\u2019arriv\u00e9e du Ch\u0153ur classique, nos complices de la classe d\u2019accueil aident au d\u00e9chargement de l\u2019\u00e9quipement. Les papillons au ventre s\u2019activent au moment de la g\u00e9n\u00e9rale. Nous chantons finalement ensemble et le r\u00e9sultat est concluant. Nous sommes pr\u00eats \u00e0 pr\u00e9senter notre travail \u00e0 toute l\u2019\u00e9cole.<br><br>Il fallait voir tous les enfants de l\u2019\u00e9cole s\u2019acheminer en rangs sages vers le gymnase pour prendre place par terre. Alors que le compositeur explique son \u0153uvre et que les sons s\u2019\u00e9l\u00e8vent, le silence s\u2019installe parmi les jeunes t\u00eates attentives. La musique a op\u00e9r\u00e9 sa magie. On peut donc se diriger avec confiance vers la Maison du citoyen pour refaire la prestation devant un public plus large, dont les parents des \u00e9l\u00e8ves de la classe d\u2019accueil.<\/p>\n\n\n\n\n\n\n\n<p style=\"text-align: justify;\">L\u2019anticipation monte d\u2019un cran lorsque les enfants s\u2019approprient avec enthousiasme la spacieuse loge qui leur a \u00e9t\u00e9 r\u00e9serv\u00e9e, juste avant de se retrouver sur sc\u00e8ne pour la g\u00e9n\u00e9rale de la prestation. Sous les somptueux \u00e9clairages, on r\u00e9p\u00e8te et on pratique la gestion des percussions, lesquelles doivent arriver dans les mains de chaque choriste au moment opportun. L\u2019art et l\u2019\u00e9nergie de Tiphaine Legrand ainsi que la pr\u00e9sence envo\u00fbtante du duduk rassurent les choristes. Tout ira bien.<br><br>Devant salle comble et apr\u00e8s les remerciements de circonstance, Fran\u00e7ois-Hugues Leclair capture l\u2019attention par les cl\u00e9s qu\u2019il offre pour comprendre la pi\u00e8ce et son rapport avec la toile <em>Chevreuse<\/em>, projet\u00e9e \u00e0 ce moment-l\u00e0. Puis, du silence, montent doucement les sons de la for\u00eat et la complainte du duduk de Michel Dubeau. La magie op\u00e8re une fois de plus. Les spectateurs sont visiblement \u00e9mus.<\/p>\n\n\n\n\n\n\n\n\n\n\n\n\n\n<p style=\"text-align: justify;\">Au sortir de la sc\u00e8ne, chaque \u00e9l\u00e8ve re\u00e7oit un galet souvenir orn\u00e9 du hibou et rejoint ses parents \u00e0 travers une haie d\u2019honneur form\u00e9e spontan\u00e9ment par les choristes du CCO. Le cort\u00e8ge se dirige vers la galerie Montcalm, sise \u00e0 proximit\u00e9 dans le m\u00eame immeuble. Celle-ci offre pour l\u2019occasion des visites guid\u00e9es de son exposition <em>Empreintes<\/em> consacr\u00e9e aux estampes de Riopelle. Les parents peuvent ainsi accompagner leurs enfants dans la d\u00e9couverte du peintre et admirer au passage les \u0153uvres de leurs enfants affich\u00e9es \u00e0 l\u2019entr\u00e9e. D\u2019autres visites suivront pour les membres int\u00e9ress\u00e9s du public.<\/p>\n\n\n\n\n\n\n\n<p style=\"text-align: justify;\">Tout le monde se retrouve ensuite autour du buffet install\u00e9 aux abords de la galerie dans l&rsquo;agora de la Maison du citoyen. Les \u00e9motions sont \u00e0 fleur de peau et la joie est palpable. La boucle de la rencontre et du partage est boucl\u00e9e&nbsp;: rencontre entre Gatinois et nouveaux arrivants, entre ces derniers, le chant choral et l&rsquo;art visuel, entre l\u2019\u00e9cole et le CCO, entre la musique et Riopelle.<\/p>\n\n\n\n\n\n","protected":false},"excerpt":{"rendered":"","protected":false},"author":1,"featured_media":0,"parent":34,"menu_order":1,"comment_status":"closed","ping_status":"closed","template":"","meta":{"footnotes":""},"class_list":["post-233","page","type-page","status-publish","hentry"],"_links":{"self":[{"href":"https:\/\/choeurclassiqueoutaouais.ca\/chanter-riopelle\/wp-json\/wp\/v2\/pages\/233","targetHints":{"allow":["GET"]}}],"collection":[{"href":"https:\/\/choeurclassiqueoutaouais.ca\/chanter-riopelle\/wp-json\/wp\/v2\/pages"}],"about":[{"href":"https:\/\/choeurclassiqueoutaouais.ca\/chanter-riopelle\/wp-json\/wp\/v2\/types\/page"}],"author":[{"embeddable":true,"href":"https:\/\/choeurclassiqueoutaouais.ca\/chanter-riopelle\/wp-json\/wp\/v2\/users\/1"}],"replies":[{"embeddable":true,"href":"https:\/\/choeurclassiqueoutaouais.ca\/chanter-riopelle\/wp-json\/wp\/v2\/comments?post=233"}],"version-history":[{"count":48,"href":"https:\/\/choeurclassiqueoutaouais.ca\/chanter-riopelle\/wp-json\/wp\/v2\/pages\/233\/revisions"}],"predecessor-version":[{"id":663,"href":"https:\/\/choeurclassiqueoutaouais.ca\/chanter-riopelle\/wp-json\/wp\/v2\/pages\/233\/revisions\/663"}],"up":[{"embeddable":true,"href":"https:\/\/choeurclassiqueoutaouais.ca\/chanter-riopelle\/wp-json\/wp\/v2\/pages\/34"}],"wp:attachment":[{"href":"https:\/\/choeurclassiqueoutaouais.ca\/chanter-riopelle\/wp-json\/wp\/v2\/media?parent=233"}],"curies":[{"name":"wp","href":"https:\/\/api.w.org\/{rel}","templated":true}]}}