{"id":242,"date":"2023-07-25T13:18:10","date_gmt":"2023-07-25T17:18:10","guid":{"rendered":"https:\/\/choeurclassiqueoutaouais.ca\/priopelle\/?page_id=242"},"modified":"2023-12-15T15:04:10","modified_gmt":"2023-12-15T19:04:10","slug":"oeuvre","status":"publish","type":"page","link":"https:\/\/choeurclassiqueoutaouais.ca\/chanter-riopelle\/home\/oeuvre\/","title":{"rendered":"L&rsquo;\u0153uvre"},"content":{"rendered":"\n\n\n\n\n\n\n\n<h1>Composition<br><\/h1>\n<p style=\"text-align: justify;\"><span style=\"color:#000000;\">\u00ab Cette \u0153uvre s\u2019est \u00e9labor\u00e9e progressivement, de ma table de travail aux ateliers avec les choristes et musiciens, en partant de mes premi\u00e8res id\u00e9es, en particulier celle de voir la toile comme un \u00ab arr\u00eat-sur-image \u00bb&nbsp; d\u2019un film, ce qui me permettait de d\u00e9velopper une musique dans le temps. Ma vision personnelle de la toile \u00e9tait celle de feuilles rouges, vertes et jaunes qui bruissent dans le vent, nous d\u00e9couvrant des bribes de ciel bleu et de soleil par leur mouvement. J\u2019ai \u00e9galement inclus, au centre de la pi\u00e8ce, un interm\u00e8de modal, comme un songe o\u00f9 on entendrait les hiboux de cette for\u00eat endormir leurs petits par une berceuse&#8230; \u00bb<\/span><br><\/p>\n<p style=\"text-align: right;\"><span class=\"WdYUQQ text-decoration-none text-strikethrough-none\" style=\"color: rgb(0, 0, 0); font-weight: 400; font-style: normal; font-family: Helvetica; font-size: medium;\"><span style=\"font-size:small;\">Fran\u00e7ois-Hugues Leclair<\/span><br><\/span><p><\/p><\/p>\n\n\n<p style=\"text-align: justify;\">Pour une explication plus d\u00e9taill\u00e9e de la composition, veuillez vous r\u00e9f\u00e9rer au <a href=\"https:\/\/choeurclassiqueoutaouais.ca\/chanter-riopelle\/wp-content\/uploads\/2023\/08\/Chevreuse-Tableau-Compositionv2-FHL.pdf\">texte de Fran\u00e7ois-Hugues Leclair intitul\u00e9 <em>Chevreuse<\/em><\/a>.<br><br><\/p>\n\n\n\n\n\n\n\n<p style=\"font-size: small; text-align: right;\"><span style=\"font-weight: normal;\"><em>Chevreuse<\/em>, 1954, \u00a9 Jean-Paul Riopelle (Droits d\u2019auteur Arts visuels &#8211; CARCC, 2023)<\/span><\/p>\n\n\n\n\n\n\n\n<p style=\"text-align: right;\"><span style=\"font-size:small;\">Entrevue avec Fran\u00e7ois-Hugues Leclair, compositeur de <em>Chevreuse<\/em><\/span><em><\/em><br><\/p>\n\n\n\n\n\n\n\n\n\n\n\n\n<h1>Partition<br><\/h1>\n<p style=\"text-align: justify;\">\u00ab Un des \u00e9l\u00e9ments tr\u00e8s importants dans ce type de musique concerne la notation lors des passages improvis\u00e9s. Les nombreux \u00e9changes avec Tiphaine m&rsquo;ont permis d\u2019arriver \u00e0 la repr\u00e9sentation graphique la plus claire possible des gestes musicaux se d\u00e9ployant dans ces espaces sans pulsation m\u00e9trique ni rythme pr\u00e9cis\u00e9ment not\u00e9. La dimension fondamentale de l&rsquo;improvisation personnelle de chaque choriste est not\u00e9e sous la forme de cellules pouvant \u00eatre r\u00e9p\u00e9t\u00e9es librement, pr\u00e9cisant les hauteurs, voyelles et ornements possibles. \u00bb<\/p>\n<p style=\"text-align: right;\"><span class=\"WdYUQQ text-decoration-none text-strikethrough-none\" style=\"color: rgb(0, 0, 0); font-weight: 400; font-style: normal; font-family: Helvetica; font-size: medium;\"><span style=\"font-size:small;\">Fran\u00e7ois-Hugues Leclair<\/span><\/span><\/p><p><\/p>\n\n\n\n\n\n\n\n\n\n\n\n\n\n\n\n<p>La partition d\u00e9roulante pr\u00e9sent\u00e9e ci-dessous est celle de la version de la \ncr\u00e9ation du 12 juin 2023 avec le duduk comme instrument m\u00e9lodique. Cette\n version, bien que diff\u00e9rente de la partition universelle d\u00e9finitive, \ndonne une perspective pr\u00e9cieuse sur le lien entre la partition et le \nr\u00e9sultat sonore, car elle permet de voir et d&rsquo;entendre une page \u00e0 la \nfois, \u00e9clairant ainsi la suite des \u00e9v\u00e8nements musicaux.<\/p>\n\n\n\n\n\n\n\n\n\n\n\n","protected":false},"excerpt":{"rendered":"","protected":false},"author":1,"featured_media":0,"parent":34,"menu_order":1,"comment_status":"closed","ping_status":"closed","template":"","meta":{"footnotes":""},"class_list":["post-242","page","type-page","status-publish","hentry"],"_links":{"self":[{"href":"https:\/\/choeurclassiqueoutaouais.ca\/chanter-riopelle\/wp-json\/wp\/v2\/pages\/242","targetHints":{"allow":["GET"]}}],"collection":[{"href":"https:\/\/choeurclassiqueoutaouais.ca\/chanter-riopelle\/wp-json\/wp\/v2\/pages"}],"about":[{"href":"https:\/\/choeurclassiqueoutaouais.ca\/chanter-riopelle\/wp-json\/wp\/v2\/types\/page"}],"author":[{"embeddable":true,"href":"https:\/\/choeurclassiqueoutaouais.ca\/chanter-riopelle\/wp-json\/wp\/v2\/users\/1"}],"replies":[{"embeddable":true,"href":"https:\/\/choeurclassiqueoutaouais.ca\/chanter-riopelle\/wp-json\/wp\/v2\/comments?post=242"}],"version-history":[{"count":36,"href":"https:\/\/choeurclassiqueoutaouais.ca\/chanter-riopelle\/wp-json\/wp\/v2\/pages\/242\/revisions"}],"predecessor-version":[{"id":666,"href":"https:\/\/choeurclassiqueoutaouais.ca\/chanter-riopelle\/wp-json\/wp\/v2\/pages\/242\/revisions\/666"}],"up":[{"embeddable":true,"href":"https:\/\/choeurclassiqueoutaouais.ca\/chanter-riopelle\/wp-json\/wp\/v2\/pages\/34"}],"wp:attachment":[{"href":"https:\/\/choeurclassiqueoutaouais.ca\/chanter-riopelle\/wp-json\/wp\/v2\/media?parent=242"}],"curies":[{"name":"wp","href":"https:\/\/api.w.org\/{rel}","templated":true}]}}