{"id":34,"date":"2023-04-11T18:48:24","date_gmt":"2023-04-11T22:48:24","guid":{"rendered":"https:\/\/choeurclassiqueoutaouais.ca\/priopelle\/home\/"},"modified":"2023-12-15T14:39:15","modified_gmt":"2023-12-15T18:39:15","slug":"home","status":"publish","type":"page","link":"https:\/\/choeurclassiqueoutaouais.ca\/chanter-riopelle\/","title":{"rendered":"Accueil"},"content":{"rendered":"\n\n\n<p class=\"_04xlpA direction-ltr align-start para-style-body\" style=\"font-family: Helvetica; --font-size: 18.6667px; --line-height: 1.3; letter-spacing: -0.02em; text-transform: none; line-height: 24px; text-align: justify;\"><span class=\"WdYUQQ text-decoration-none text-strikethrough-none\" style=\"font-weight: 400;\">\u00ab J&rsquo;avais\n tr\u00e8s h\u00e2te d\u2019\u00e9couter cette vid\u00e9o car le plaisir de vos spectateurs \u00e9tait\n manifeste alors qu&rsquo;ils refluaient vers la galerie et qu\u2019ils nous \nparlaient de l\u2019exp\u00e9rience que vous leur aviez fait vivre. Mais je ne \nm\u2019attendais pas \u00e0 \u00eatre saisie de la sorte. O\u00f9 pourrait-on trouver plus \nbelle \u00e9vocation et transposition, dans une autre forme d\u2019art, de la \nd\u00e9marche de Riopelle que cette rencontre des voix et des froissements de\n feuilles qui devenaient musique.<\/span><span class=\"WdYUQQ text-decoration-none text-strikethrough-none white-space-prewrap\" style=\"font-weight: 400;\">&nbsp;<\/span><span class=\"WdYUQQ text-decoration-none text-strikethrough-none\" style=\"font-weight: 400;\"> \u00ab\u00a0J\u2019ai peint ce que j\u2019ai vu&nbsp;\u2013&nbsp;la nature\u00a0\u00bb&nbsp;\u00bb.<\/span><span class=\"WdYUQQ text-decoration-none text-strikethrough-none\" style=\"font-weight: 400;\">\u200b<\/span><\/p>\n<p style=\"text-align: right;\"><span style=\"font-size:small;\"><span style=\"font-family:Helvetica;\">Jos\u00e9e Prud&rsquo;homme, responsable Arts visuels et patrimoine, Ville de Gatineau<\/span><\/span><br><\/p>\n\n\n\n\n<p style=\"text-align: right;\"><span style=\"font-size: small;\">Prestation de <em>Chevreuse<\/em>, le 12 juin 2023, \u00e0 la salle Jean-Despr\u00e9z de la Maison du citoyen de Gatineau<\/span><\/p>\n\n\n\n\n\n\n\n\n\n\n\n\n\n\n\n\n\n<p style=\"color: rgb(207, 79, 79);\"><strong>Chanter Riopelle au-del\u00e0 des mots &#8230; c&rsquo;est <\/strong><\/p>\n\n<span class=\"WdYUQQ text-decoration-none text-strikethrough-none\" style=\"font-style: normal;\">une exp\u00e9rience de m\u00e9diation culturelle au carrefour de la musique et des arts visuels<\/span>\n<span class=\"WdYUQQ text-decoration-none text-strikethrough-none\" style=\"font-style: normal;\">un\n espace de cr\u00e9ation collective \u00e0 travers la rencontre d\u2019un compositeur, \nde musiciens, d&rsquo;une classe d&rsquo;accueil et du Ch\u0153ur classique de \nl\u2019Outaouais (CCO)<\/span>\n<span class=\"WdYUQQ text-decoration-none text-strikethrough-none\" style=\"font-style: normal;\"><em>Chevreuse<\/em>,\n une pi\u00e8ce chorale \u00ab sans paroles et universelle \u00bb, compos\u00e9e par \nFran\u00e7ois-Hugues Leclair et inspir\u00e9e par une toile \u00e9ponyme de Riopelle<\/span>\n<span class=\"WdYUQQ text-decoration-none text-strikethrough-none\" style=\"font-style: normal;\">une f\u00eate de partage entre le ch\u0153ur, les \u00e9l\u00e8ves, leur entourage et le public pour d\u00e9couvrir la cr\u00e9ation de <em>Chevreuse<\/em> ainsi que les estampes de Riopelle pr\u00e9sent\u00e9es \u00e0 l&rsquo;exposition Empreintes \u00e0 la Galerie Montcalm<\/span>\n<span class=\"WdYUQQ text-decoration-none text-strikethrough-none\" style=\"font-style: normal;\">un\n legs \u00e0 la communaut\u00e9 chorale, par la publication de la partition et la \nmise en ligne du pr\u00e9sent site pour documenter l\u2019ensemble du projet<\/span>\n\n\n\n","protected":false},"excerpt":{"rendered":"","protected":false},"author":1,"featured_media":0,"parent":0,"menu_order":0,"comment_status":"closed","ping_status":"closed","template":"","meta":{"footnotes":""},"class_list":["post-34","page","type-page","status-publish","hentry"],"_links":{"self":[{"href":"https:\/\/choeurclassiqueoutaouais.ca\/chanter-riopelle\/wp-json\/wp\/v2\/pages\/34","targetHints":{"allow":["GET"]}}],"collection":[{"href":"https:\/\/choeurclassiqueoutaouais.ca\/chanter-riopelle\/wp-json\/wp\/v2\/pages"}],"about":[{"href":"https:\/\/choeurclassiqueoutaouais.ca\/chanter-riopelle\/wp-json\/wp\/v2\/types\/page"}],"author":[{"embeddable":true,"href":"https:\/\/choeurclassiqueoutaouais.ca\/chanter-riopelle\/wp-json\/wp\/v2\/users\/1"}],"replies":[{"embeddable":true,"href":"https:\/\/choeurclassiqueoutaouais.ca\/chanter-riopelle\/wp-json\/wp\/v2\/comments?post=34"}],"version-history":[{"count":46,"href":"https:\/\/choeurclassiqueoutaouais.ca\/chanter-riopelle\/wp-json\/wp\/v2\/pages\/34\/revisions"}],"predecessor-version":[{"id":649,"href":"https:\/\/choeurclassiqueoutaouais.ca\/chanter-riopelle\/wp-json\/wp\/v2\/pages\/34\/revisions\/649"}],"wp:attachment":[{"href":"https:\/\/choeurclassiqueoutaouais.ca\/chanter-riopelle\/wp-json\/wp\/v2\/media?parent=34"}],"curies":[{"name":"wp","href":"https:\/\/api.w.org\/{rel}","templated":true}]}}